{"id":6,"date":"2019-08-22T06:49:12","date_gmt":"2019-08-22T06:49:12","guid":{"rendered":"https:\/\/tinytorch.gflr.de\/?page_id=6"},"modified":"2019-08-22T06:49:12","modified_gmt":"2019-08-22T06:49:12","slug":"datenschutz","status":"publish","type":"page","link":"https:\/\/tinytorch.gflr.de\/?page_id=6","title":{"rendered":"Datenschutz"},"content":{"rendered":"\n<p>Die unten aufgef\u00fchrte Datenschutzerkl\u00e4rung bezieht sich auf die URL https:\/\/www.tinytorch.gflr.de<\/p>\n\n\n\n<p>Unsere Datenschutzerkl\u00e4rung f\u00fcr Mitglieder und Teilnehmer*innen an \nden Projekten der GfLR e.V. findet ihr hier&nbsp;zum Lesen und \nHerunterladen:&nbsp;<a href=\"https:\/\/www.gflr.de\/wp-content\/uploads\/2018\/04\/Datenschutzerkl\u00e4rung_Mitglieder-und-Teilnehmer.pdf\">Datenschutzerkl\u00e4rung_Mitglieder und Teilnehmer<\/a><\/p>\n\n\n\n<p><em>Verantwortlicher:<\/em><\/p>\n\n\n\n<p>Gesellschaft f\u00fcr Live-Rollenspiel e.V.<br>\nScharnhorststra\u00dfe 42<br>\n65195 Wiesbaden, Deutschland<\/p>\n\n\n\n<p>Vereinsregister Nr. 2721 Amtsgericht Hagen<br>\nE-Mailadresse: i&#110;&#102;&#x6f;&#x40;gf&#108;&#114;&#x2e;&#x64;e<\/p>\n\n\n\n<p>Stand: 04.05.2018<br>\n<strong><br>\n1. Grunds\u00e4tzliche Angaben zur Datenverarbeitung und Rechtsgrundlagen<\/strong><br>\n<strong>1.1.<\/strong> Diese Datenschutzerkl\u00e4rung kl\u00e4rt Sie \u00fcber die Art,\n den Umfang und Zweck der Verarbeitung von personenbezogenen Daten \ninnerhalb unseres Onlineangebotes und der mit ihm verbundenen Webseiten,\n Funktionen und Inhalte (nachfolgend gemeinsam bezeichnet als \n\u201eOnlineangebot\u201c oder \u201eWebsite\u201c) auf. Die Datenschutzerkl\u00e4rung gilt \nunabh\u00e4ngig von den verwendeten Domains, Systemen, Plattformen und \nGer\u00e4ten (z.B. Desktop oder Mobile) auf denen das Onlineangebot \nausgef\u00fchrt wird.<br>\n<strong>1.2.<\/strong> Die verwendeten Begrifflichkeiten, wie z.B. \n\u201epersonenbezogene Daten\u201c oder deren \u201eVerarbeitung\u201c verweisen wir auf die\n Definitionen im Art. 4 der Datenschutzgrundverordnung (DSGVO).<br>\n<strong>1.3.<\/strong> Die verwendeten Begrifflichkeiten, wie z.B. \u201eNutzer\u201c sind geschlechtsneutral zu verstehen.<br>\n<strong>1.4.<\/strong> Wir verarbeiten personenbezogene Daten der Nutzer \nnur unter Einhaltung der einschl\u00e4gigen Datenschutzbestimmungen. Das \nbedeutet, die Daten der Nutzer werden nur bei Vorliegen einer \ngesetzlichen Erlaubnis verarbeitet. D.h., insbesondere wenn die \nDatenverarbeitung zur Erbringung unserer vertraglichen Leistungen (z.B. \nBearbeitung von Auftr\u00e4gen) sowie Online-Services erforderlich, bzw. \ngesetzlich vorgeschrieben ist, eine Einwilligung der Nutzer vorliegt, \nals auch aufgrund unserer berechtigten Interessen (d.h. Interesse an der\n Analyse, Optimierung und wirtschaftlichem Betrieb und Sicherheit \nunseres Onlineangebotes im Sinne des Art. 6 Abs. 1 lit. f. DSGVO, \ninsbesondere bei der Reichweitenmessung, Erstellung von Profilen zu \nWerbe- und Marketingzwecken sowie Erhebung von Zugriffsdaten und Einsatz\n der Dienste von Drittanbietern.<br>\n<strong>1.5.<\/strong> Wir weisen darauf hin, dass die Rechtsgrundlage \nder Einwilligungen Art. 6 Abs. 1 lit. a. und Art. 7 DSGVO, die \nRechtsgrundlage f\u00fcr die Verarbeitung zur Erf\u00fcllung unserer Leistungen \nund Durchf\u00fchrung vertraglicher Ma\u00dfnahmen Art. 6 Abs. 1 lit. b. DSGVO, \ndie Rechtsgrundlage f\u00fcr die Verarbeitung zur Erf\u00fcllung unserer \nrechtlichen Verpflichtungen Art. 6 Abs. 1 lit. c. DSGVO, und die \nRechtsgrundlage f\u00fcr die Verarbeitung zur Wahrung unserer berechtigten \nInteressen Art. 6 Abs. 1 lit. f. DSGVO ist.<\/p>\n\n\n\n<p><strong>2. Sicherheitsma\u00dfnahmen<\/strong><br>\n<strong>2.1. <\/strong>Wir treffen organisatorische, vertragliche und \ntechnische Sicherheitsma\u00dfnahmen entsprechend dem Stand der Technik, um \nsicherzustellen, dass die Vorschriften der Datenschutzgesetze \neingehalten werden und um damit die durch uns verarbeiteten Daten gegen \nzuf\u00e4llige oder vors\u00e4tzliche Manipulationen, Verlust, Zerst\u00f6rung oder \ngegen den Zugriff unberechtigter Personen zu sch\u00fctzen.<br>\n<strong>2.2.<\/strong> Zu den Sicherheitsma\u00dfnahmen geh\u00f6rt insbesondere \ndie verschl\u00fcsselte \u00dcbertragung von Daten zwischen Ihrem Browser und \nunserem Server.<\/p>\n\n\n\n<p><strong>3. Weitergabe von Daten an Dritte und Drittanbieter<\/strong><br>\n<strong>3.1.<\/strong> Eine Weitergabe von Daten an Dritte erfolgt nur im\n Rahmen der gesetzlichen Vorgaben. Wir geben die Daten der Nutzer an \nDritte nur dann weiter, wenn dies z.B. auf Grundlage des Art. 6 Abs. 1 \nlit. b) DSGVO f\u00fcr Vertragszwecke erforderlich ist oder auf Grundlage \nberechtigter Interessen gem. Art. 6 Abs. 1 lit. f. DSGVO an \nwirtschaftlichem und effektivem Betrieb unseres Gesch\u00e4ftsbetriebes.<br>\n<strong>3.2.<\/strong> Sofern wir Subunternehmer einsetzen, um unsere \nLeistungen bereitzustellen, ergreifen wir geeignete rechtliche \nVorkehrungen sowie entsprechende technische und organisatorische \nMa\u00dfnahmen, um f\u00fcr den Schutz der personenbezogenen Daten gem\u00e4\u00df den \neinschl\u00e4gigen gesetzlichen Vorschriften zu sorgen.<br>\n<strong>3.3.<\/strong> Sofern im Rahmen dieser Datenschutzerkl\u00e4rung \nInhalte, Werkzeuge oder sonstige Mittel von anderen Anbietern \n(nachfolgend gemeinsam bezeichnet als \u201eDrittanbieter\u201c) eingesetzt werden\n und deren genannter Sitz sich in einem Drittland befindet, ist davon \nauszugehen, dass ein Datentransfer in die Sitzstaaten der Drittanbieter \nstattfindet. Als Drittstaaten sind L\u00e4nder zu verstehen, in denen die \nDSGVO kein unmittelbar geltendes Recht ist, d.h. grunds\u00e4tzlich L\u00e4nder \nau\u00dferhalb der EU, bzw. des Europ\u00e4ischen Wirtschaftsraums. Die \n\u00dcbermittlung von Daten in Drittstaaten erfolgt entweder, wenn ein \nangemessenes Datenschutzniveau, eine Einwilligung der Nutzer oder sonst \neine gesetzliche Erlaubnis vorliegt.<\/p>\n\n\n\n<p><strong>4. Kontaktaufnahme<\/strong><br>\n<strong>4.1.<\/strong> Bei der Kontaktaufnahme mit uns (per \nKontaktformular oder E-Mail) werden die Angaben des Nutzers zur \nBearbeitung der Kontaktanfrage und deren Abwicklung gem. Art. 6 Abs. 1 \nlit. b) DSGVO verarbeitet.<\/p>\n\n\n\n<p><strong>5. Erhebung von Zugriffsdaten und Logfiles<\/strong><br>\n<strong>5.1.<\/strong> Wir erheben auf Grundlage unserer berechtigten \nInteressen im Sinne des Art. 6 Abs. 1 lit. f. DSGVO Daten \u00fcber jeden \nZugriff auf den Server, auf dem sich dieser Dienst befindet (sogenannte \nServerlogfiles). Zu den Zugriffsdaten geh\u00f6ren Name der abgerufenen \nWebseite, Datei, Datum und Uhrzeit des Abrufs, \u00fcbertragene Datenmenge, \nMeldung \u00fcber erfolgreichen Abruf, Browsertyp nebst Version, das \nBetriebssystem des Nutzers, Referrer URL (die zuvor besuchte Seite), \nIP-Adresse und der anfragende Provider.<br>\n<strong>5.2.<\/strong> Logfile-Informationen werden aus \nSicherheitsgr\u00fcnden (z.B. zur Aufkl\u00e4rung von Missbrauchs- oder \nBetrugshandlungen) f\u00fcr die Dauer von maximal sieben Tagen gespeichert \nund danach gel\u00f6scht. Daten, deren weitere Aufbewahrung zu Beweiszwecken \nerforderlich ist, sind bis zur endg\u00fcltigen Kl\u00e4rung des jeweiligen \nVorfalls von der L\u00f6schung ausgenommen.<\/p>\n\n\n\n<p><strong>6. Einbindung von Diensten und Inhalten Dritter<\/strong><br>\n<strong>6.1.<\/strong> Wir setzen innerhalb unseres Onlineangebotes auf \nGrundlage unserer berechtigten Interessen (d.h. Interesse an der \nAnalyse, Optimierung und wirtschaftlichem Betrieb unseres \nOnlineangebotes im Sinne des Art. 6 Abs. 1 lit. f. DSGVO) Inhalts- oder \nServiceangebote von Drittanbietern ein, um deren Inhalte und Services, \nwie z.B. Videos oder Schriftarten einzubinden (nachfolgend einheitlich \nbezeichnet als \u201cInhalte\u201d). Dies setzt immer voraus, dass die \nDrittanbieter dieser Inhalte, die IP-Adresse der Nutzer wahrnehmen, da \nsie ohne die IP-Adresse die Inhalte nicht an deren Browser senden \nk\u00f6nnten. Die IP-Adresse ist damit f\u00fcr die Darstellung dieser Inhalte \nerforderlich. Wir bem\u00fchen uns nur solche Inhalte zu verwenden, deren \njeweilige Anbieter die IP-Adresse lediglich zur Auslieferung der Inhalte\n verwenden. Drittanbieter k\u00f6nnen ferner so genannte Pixel-Tags \n(unsichtbare Grafiken, auch als \u201eWeb Beacons\u201c bezeichnet) f\u00fcr \nstatistische oder Marketingzwecke verwenden. Durch die \u201ePixel-Tags\u201c \nk\u00f6nnen Informationen, wie der Besucherverkehr auf den Seiten dieser \nWebsite ausgewertet werden. Die pseudonymen Informationen k\u00f6nnen ferner \nin Cookies auf dem Ger\u00e4t der Nutzer gespeichert werden und unter anderem\n technische Informationen zum Browser und Betriebssystem, verweisende \nWebseiten, Besuchszeit sowie weitere Angaben zur Nutzung unseres \nOnlineangebotes enthalten, als auch mit solchen Informationen aus \nanderen Quellen verbunden werden k\u00f6nnen.<br>\n<strong>6.2.<\/strong> Die nachfolgende Darstellung bietet eine \u00dcbersicht\n von Drittanbietern sowie ihrer Inhalte, nebst Links zu deren \nDatenschutzerkl\u00e4rungen, welche weitere Hinweise zur Verarbeitung von \nDaten und, z.T. bereits hier genannt, Widerspruchsm\u00f6glichkeiten (sog. \nOpt-Out) enthalten:-\uf0a7 Externe Schriftarten von Google, Inc., \nhttps:\/\/www.google.com\/fonts (\u201eGoogle Fonts\u201c). Die Einbindung der Google\n Fonts erfolgt durch einen Serveraufruf bei Google (in der Regel in den \nUSA). Datenschutzerkl\u00e4rung: https:\/\/www.google.com\/policies\/privacy\/, \nOpt-Out: https:\/\/www.google.com\/settings\/ads\/.<br>\n\u2013 Landkarten des Dienstes \u201eGoogle Maps\u201c des Drittanbieters Google Inc., \n1600 Amphitheatre Parkway, Mountain View, CA 94043, USA, gestellt. \nDatenschutzerkl\u00e4rung: https:\/\/www.google.com\/policies\/privacy\/, Opt-Out:\n https:\/\/www.google.com\/settings\/ads\/.<br>\n\u2013 Videos der Plattform \u201cYouTube\u201d des Drittanbieters Google Inc., 1600 \nAmphitheatre Parkway, Mountain View, CA 94043, USA. \nDatenschutzerkl\u00e4rung: https:\/\/www.google.com\/policies\/privacy\/, Opt-Out:\n https:\/\/www.google.com\/settings\/ads\/.<br>\n\u2013 Externer Code des JavaScript-Frameworks \u201cjQuery\u201d, bereitgestellt durch\n den Dritt-Anbieter jQuery Foundation, https:\/\/jquery.org.<\/p>\n\n\n\n<p><strong>7. Rechte der Nutzer<\/strong><br>\n<strong>7.1.<\/strong> Nutzer haben das Recht, auf Antrag unentgeltlich \nAuskunft zu erhalten \u00fcber die personenbezogenen Daten, die von uns \u00fcber \nsie gespeichert wurden.<br>\n<strong>7.2.<\/strong> Zus\u00e4tzlich haben die Nutzer das Recht auf \nBerichtigung unrichtiger Daten, Einschr\u00e4nkung der Verarbeitung und \nL\u00f6schung ihrer personenbezogenen Daten, sofern zutreffend, Ihre Rechte \nauf Datenportabilit\u00e4t geltend zu machen und im Fall der Annahme einer \nunrechtm\u00e4\u00dfigen Datenverarbeitung, eine Beschwerde bei der zust\u00e4ndigen \nAufsichtsbeh\u00f6rde einzureichen.<br>\n<strong>7.3.<\/strong> Ebenso k\u00f6nnen Nutzer Einwilligungen, grunds\u00e4tzlich mit Auswirkung f\u00fcr die Zukunft, widerrufen.<\/p>\n\n\n\n<p><strong>8. L\u00f6schung von Daten<\/strong><br>\n<strong>8.1.<\/strong> Die bei uns gespeicherten Daten werden gel\u00f6scht, \nsobald sie f\u00fcr ihre Zweckbestimmung nicht mehr erforderlich sind und der\n L\u00f6schung keine gesetzlichen Aufbewahrungspflichten entgegenstehen. \nSofern die Daten der Nutzer nicht gel\u00f6scht werden, weil sie f\u00fcr andere \nund gesetzlich zul\u00e4ssige Zwecke erforderlich sind, wird deren \nVerarbeitung eingeschr\u00e4nkt. D.h. die Daten werden gesperrt und nicht f\u00fcr\n andere Zwecke verarbeitet. Das gilt z.B. f\u00fcr Daten der Nutzer, die aus \nhandels- oder steuerrechtlichen Gr\u00fcnden aufbewahrt werden m\u00fcssen.<br>\n<strong>8.2.<\/strong> Nach gesetzlichen Vorgaben erfolgt die \nAufbewahrung f\u00fcr 6 Jahre gem\u00e4\u00df \u00a7 257 Abs. 1 HGB (Handelsb\u00fccher, \nInventare, Er\u00f6ffnungsbilanzen, Jahresabschl\u00fcsse, Handelsbriefe, \nBuchungsbelege, etc.) sowie f\u00fcr 10 Jahre gem\u00e4\u00df \u00a7 147 Abs. 1 AO (B\u00fccher, \nAufzeichnungen, Lageberichte, Buchungsbelege, Handels- und \nGesch\u00e4ftsbriefe, F\u00fcr Besteuerung relevante Unterlagen, etc.).<\/p>\n\n\n\n<p><strong>9. Widerspruchsrecht<\/strong><br>\n<strong>9.1.<\/strong> Nutzer k\u00f6nnen der k\u00fcnftigen Verarbeitung ihrer \npersonenbezogenen Daten entsprechend den gesetzlichen Vorgaben jederzeit\n widersprechen. Der Widerspruch kann insbesondere gegen die Verarbeitung\n f\u00fcr Zwecke der Direktwerbung erfolgen.<\/p>\n\n\n\n<p><strong>10. \u00c4nderungen der Datenschutzerkl\u00e4rung<\/strong><br>\n<strong>10.1.<\/strong> Wir behalten uns vor, die Datenschutzerkl\u00e4rung zu\n \u00e4ndern, um sie an ge\u00e4nderte Rechtslagen, oder bei \u00c4nderungen des \nDienstes sowie der Datenverarbeitung anzupassen. Dies gilt jedoch nur im\n Hinblick auf Erkl\u00e4rungen zur Datenverarbeitung. Sofern Einwilligungen \nder Nutzer erforderlich sind oder Bestandteile der Datenschutzerkl\u00e4rung \nRegelungen des Vertragsverh\u00e4ltnisses mit den Nutzern enthalten, erfolgen\n die \u00c4nderungen nur mit Zustimmung der Nutzer.<br>\n<strong>10.2.<\/strong> Die Nutzer werden gebeten sich regelm\u00e4\u00dfig \u00fcber den Inhalt der Datenschutzerkl\u00e4rung zu informieren.<\/p>\n","protected":false},"excerpt":{"rendered":"<p>Die unten aufgef\u00fchrte Datenschutzerkl\u00e4rung bezieht sich auf die URL https:\/\/www.tinytorch.gflr.de Unsere Datenschutzerkl\u00e4rung f\u00fcr Mitglieder und Teilnehmer*innen an den Projekten der GfLR e.V. findet ihr hier&nbsp;zum Lesen und Herunterladen:&nbsp;Datenschutzerkl\u00e4rung_Mitglieder und Teilnehmer Verantwortlicher: Gesellschaft f\u00fcr Live-Rollenspiel e.V. Scharnhorststra\u00dfe 42 65195 Wiesbaden, Deutschland Vereinsregister Nr. 2721 Amtsgericht Hagen E-Mailadresse: i&#110;&#x66;&#x6f;&#64;&#103;&#x66;&#x6c;r&#46;&#100;&#x65; Stand: 04.05.2018 1. Grunds\u00e4tzliche Angaben zur Datenverarbeitung und [&hellip;]<\/p>\n","protected":false},"author":1,"featured_media":0,"parent":0,"menu_order":0,"comment_status":"closed","ping_status":"closed","template":"","meta":{"footnotes":""},"class_list":["post-6","page","type-page","status-publish","hentry"],"_links":{"self":[{"href":"https:\/\/tinytorch.gflr.de\/index.php?rest_route=\/wp\/v2\/pages\/6","targetHints":{"allow":["GET"]}}],"collection":[{"href":"https:\/\/tinytorch.gflr.de\/index.php?rest_route=\/wp\/v2\/pages"}],"about":[{"href":"https:\/\/tinytorch.gflr.de\/index.php?rest_route=\/wp\/v2\/types\/page"}],"author":[{"embeddable":true,"href":"https:\/\/tinytorch.gflr.de\/index.php?rest_route=\/wp\/v2\/users\/1"}],"replies":[{"embeddable":true,"href":"https:\/\/tinytorch.gflr.de\/index.php?rest_route=%2Fwp%2Fv2%2Fcomments&post=6"}],"version-history":[{"count":1,"href":"https:\/\/tinytorch.gflr.de\/index.php?rest_route=\/wp\/v2\/pages\/6\/revisions"}],"predecessor-version":[{"id":7,"href":"https:\/\/tinytorch.gflr.de\/index.php?rest_route=\/wp\/v2\/pages\/6\/revisions\/7"}],"wp:attachment":[{"href":"https:\/\/tinytorch.gflr.de\/index.php?rest_route=%2Fwp%2Fv2%2Fmedia&parent=6"}],"curies":[{"name":"wp","href":"https:\/\/api.w.org\/{rel}","templated":true}]}}