{"id":21,"date":"2019-08-24T07:32:03","date_gmt":"2019-08-24T07:32:03","guid":{"rendered":"https:\/\/tinytorch.gflr.de\/?page_id=21"},"modified":"2024-08-22T09:17:05","modified_gmt":"2024-08-22T09:17:05","slug":"medien","status":"publish","type":"page","link":"https:\/\/tinytorch.gflr.de\/?page_id=21","title":{"rendered":"Medien"},"content":{"rendered":"\n<h3 class=\"wp-block-heading\">Videos<\/h3>\n\n\n\n<figure class=\"wp-block-embed is-type-video is-provider-youtube wp-block-embed-youtube wp-embed-aspect-16-9 wp-has-aspect-ratio\"><div class=\"wp-block-embed__wrapper\">\n<iframe loading=\"lazy\" title=\"Tiny Torch-Trailer\" width=\"640\" height=\"360\" src=\"https:\/\/www.youtube.com\/embed\/D0SydFXsKIE?feature=oembed\" frameborder=\"0\" allow=\"accelerometer; autoplay; clipboard-write; encrypted-media; gyroscope; picture-in-picture; web-share\" referrerpolicy=\"strict-origin-when-cross-origin\" allowfullscreen><\/iframe>\n<\/div><\/figure>\n\n\n\n<h3 class=\"wp-block-heading\">Fotos<\/h3>\n\n\n\n<p>Tiny Torch &#8211; Cold Night<\/p>\n\n\n\n<figure class=\"wp-block-image size-large\"><a href=\"https:\/\/www.flickr.com\/photos\/187038867@N04\/albums\/72157713151106302\"><img loading=\"lazy\" decoding=\"async\" width=\"1024\" height=\"574\" src=\"https:\/\/tinytorch.gflr.de\/wp-content\/uploads\/2020\/08\/DSC00038-1024x574.jpg\" alt=\"\" class=\"wp-image-136\" srcset=\"https:\/\/tinytorch.gflr.de\/wp-content\/uploads\/2020\/08\/DSC00038-1024x574.jpg 1024w, https:\/\/tinytorch.gflr.de\/wp-content\/uploads\/2020\/08\/DSC00038-300x168.jpg 300w, https:\/\/tinytorch.gflr.de\/wp-content\/uploads\/2020\/08\/DSC00038-768x431.jpg 768w, https:\/\/tinytorch.gflr.de\/wp-content\/uploads\/2020\/08\/DSC00038-1536x862.jpg 1536w, https:\/\/tinytorch.gflr.de\/wp-content\/uploads\/2020\/08\/DSC00038-2048x1149.jpg 2048w\" sizes=\"auto, (max-width: 1024px) 100vw, 1024px\" \/><\/a><\/figure>\n\n\n\n<p>Filmdreh f\u00fcr den Tiny Torch-Trailer<\/p>\n\n\n\n<figure class=\"wp-block-image size-large\"><a href=\"https:\/\/www.flickr.com\/photos\/187038867@N04\/albums\/72157715416607501\"><img loading=\"lazy\" decoding=\"async\" width=\"1024\" height=\"628\" src=\"https:\/\/tinytorch.gflr.de\/wp-content\/uploads\/2021\/05\/IK4A9182-1024x628.jpg\" alt=\"\" class=\"wp-image-197\" srcset=\"https:\/\/tinytorch.gflr.de\/wp-content\/uploads\/2021\/05\/IK4A9182-1024x628.jpg 1024w, https:\/\/tinytorch.gflr.de\/wp-content\/uploads\/2021\/05\/IK4A9182-300x184.jpg 300w, https:\/\/tinytorch.gflr.de\/wp-content\/uploads\/2021\/05\/IK4A9182-768x471.jpg 768w, https:\/\/tinytorch.gflr.de\/wp-content\/uploads\/2021\/05\/IK4A9182-1536x942.jpg 1536w, https:\/\/tinytorch.gflr.de\/wp-content\/uploads\/2021\/05\/IK4A9182-2048x1256.jpg 2048w\" sizes=\"auto, (max-width: 1024px) 100vw, 1024px\" \/><\/a><\/figure>\n\n\n\n<p>Torchlight Tales<\/p>\n\n\n\n<figure class=\"wp-block-image size-large\"><a href=\"https:\/\/www.flickr.com\/photos\/187038867@N04\/albums\/72157719600366521\"><img loading=\"lazy\" decoding=\"async\" width=\"1024\" height=\"683\" src=\"https:\/\/tinytorch.gflr.de\/wp-content\/uploads\/2021\/07\/IMG_8687_1-1024x683.jpg\" alt=\"\" class=\"wp-image-202\" srcset=\"https:\/\/tinytorch.gflr.de\/wp-content\/uploads\/2021\/07\/IMG_8687_1-1024x683.jpg 1024w, https:\/\/tinytorch.gflr.de\/wp-content\/uploads\/2021\/07\/IMG_8687_1-300x200.jpg 300w, https:\/\/tinytorch.gflr.de\/wp-content\/uploads\/2021\/07\/IMG_8687_1-768x512.jpg 768w, https:\/\/tinytorch.gflr.de\/wp-content\/uploads\/2021\/07\/IMG_8687_1-1536x1024.jpg 1536w, https:\/\/tinytorch.gflr.de\/wp-content\/uploads\/2021\/07\/IMG_8687_1-2048x1365.jpg 2048w\" sizes=\"auto, (max-width: 1024px) 100vw, 1024px\" \/><\/a><\/figure>\n\n\n\n<p>Tiny Torch II &#8211; Illusion never changed<\/p>\n\n\n\n<figure class=\"wp-block-image size-large\"><a href=\"https:\/\/www.flickr.com\/photos\/187038867@N04\/albums\/72177720297402487\"><img loading=\"lazy\" decoding=\"async\" width=\"1024\" height=\"683\" src=\"https:\/\/tinytorch.gflr.de\/wp-content\/uploads\/2022\/03\/IMG_0615-1024x683.jpg\" alt=\"\" class=\"wp-image-235\" srcset=\"https:\/\/tinytorch.gflr.de\/wp-content\/uploads\/2022\/03\/IMG_0615-1024x683.jpg 1024w, https:\/\/tinytorch.gflr.de\/wp-content\/uploads\/2022\/03\/IMG_0615-300x200.jpg 300w, https:\/\/tinytorch.gflr.de\/wp-content\/uploads\/2022\/03\/IMG_0615-768x512.jpg 768w, https:\/\/tinytorch.gflr.de\/wp-content\/uploads\/2022\/03\/IMG_0615-1536x1024.jpg 1536w, https:\/\/tinytorch.gflr.de\/wp-content\/uploads\/2022\/03\/IMG_0615-2048x1365.jpg 2048w\" sizes=\"auto, (max-width: 1024px) 100vw, 1024px\" \/><\/a><\/figure>\n\n\n\n<p>Torchlight Tales II<\/p>\n\n\n\n<figure class=\"wp-block-image size-large\"><a href=\"https:\/\/www.flickr.com\/photos\/187038867@N04\/albums\/72177720308264784\"><img loading=\"lazy\" decoding=\"async\" width=\"1024\" height=\"683\" src=\"https:\/\/tinytorch.gflr.de\/wp-content\/uploads\/2023\/05\/IMG_3179-1024x683.jpg\" alt=\"\" class=\"wp-image-320\" srcset=\"https:\/\/tinytorch.gflr.de\/wp-content\/uploads\/2023\/05\/IMG_3179-1024x683.jpg 1024w, https:\/\/tinytorch.gflr.de\/wp-content\/uploads\/2023\/05\/IMG_3179-300x200.jpg 300w, https:\/\/tinytorch.gflr.de\/wp-content\/uploads\/2023\/05\/IMG_3179-768x512.jpg 768w, https:\/\/tinytorch.gflr.de\/wp-content\/uploads\/2023\/05\/IMG_3179-1536x1024.jpg 1536w, https:\/\/tinytorch.gflr.de\/wp-content\/uploads\/2023\/05\/IMG_3179-2048x1365.jpg 2048w\" sizes=\"auto, (max-width: 1024px) 100vw, 1024px\" \/><\/a><\/figure>\n\n\n\n<p>Tiny Torch III<\/p>\n\n\n\n<figure class=\"wp-block-image size-large\"><a href=\"https:\/\/www.flickr.com\/photos\/187038867@N04\/albums\/72177720308261715\"><img loading=\"lazy\" decoding=\"async\" width=\"1024\" height=\"683\" src=\"https:\/\/tinytorch.gflr.de\/wp-content\/uploads\/2023\/05\/Tiny-Torch-60-1024x683.jpg\" alt=\"\" class=\"wp-image-323\" srcset=\"https:\/\/tinytorch.gflr.de\/wp-content\/uploads\/2023\/05\/Tiny-Torch-60-1024x683.jpg 1024w, https:\/\/tinytorch.gflr.de\/wp-content\/uploads\/2023\/05\/Tiny-Torch-60-300x200.jpg 300w, https:\/\/tinytorch.gflr.de\/wp-content\/uploads\/2023\/05\/Tiny-Torch-60-768x512.jpg 768w, https:\/\/tinytorch.gflr.de\/wp-content\/uploads\/2023\/05\/Tiny-Torch-60-1536x1024.jpg 1536w, https:\/\/tinytorch.gflr.de\/wp-content\/uploads\/2023\/05\/Tiny-Torch-60-2048x1365.jpg 2048w\" sizes=\"auto, (max-width: 1024px) 100vw, 1024px\" \/><\/a><\/figure>\n\n\n\n<p>Tiny Torch IV<\/p>\n\n\n\n<figure class=\"wp-block-image size-large\"><a href=\"https:\/\/www.flickr.com\/photos\/187038867@N04\/albums\/72177720319694915\"><img loading=\"lazy\" decoding=\"async\" width=\"1024\" height=\"594\" src=\"https:\/\/tinytorch.gflr.de\/wp-content\/uploads\/2024\/08\/TT24_102-1024x594.jpg\" alt=\"\" class=\"wp-image-392\" srcset=\"https:\/\/tinytorch.gflr.de\/wp-content\/uploads\/2024\/08\/TT24_102-1024x594.jpg 1024w, https:\/\/tinytorch.gflr.de\/wp-content\/uploads\/2024\/08\/TT24_102-300x174.jpg 300w, https:\/\/tinytorch.gflr.de\/wp-content\/uploads\/2024\/08\/TT24_102-768x446.jpg 768w, https:\/\/tinytorch.gflr.de\/wp-content\/uploads\/2024\/08\/TT24_102-1536x892.jpg 1536w, https:\/\/tinytorch.gflr.de\/wp-content\/uploads\/2024\/08\/TT24_102-2048x1189.jpg 2048w\" sizes=\"auto, (max-width: 1024px) 100vw, 1024px\" \/><\/a><\/figure>\n\n\n\n<p>Fotos von Westwood Digital Art<\/p>\n\n\n\n<p><a href=\"https:\/\/www.instagram.com\/westwooddigitalart\/\">https:\/\/www.instagram.com\/westwooddigitalart\/<\/a><\/p>\n\n\n\n<p>Hier unsere aktuelle Gel\u00e4ndekarte:<\/p>\n\n\n\n<div data-wp-interactive=\"core\/file\" class=\"wp-block-file\"><object data-wp-bind--hidden=\"!state.hasPdfPreview\" hidden class=\"wp-block-file__embed\" data=\"https:\/\/tinytorch.gflr.de\/wp-content\/uploads\/2023\/01\/Gelaendekarte.pdf\" type=\"application\/pdf\" style=\"width:100%;height:600px\" aria-label=\"Einbettung von Gelaendekarte.\"><\/object><a id=\"wp-block-file--media-b73dd041-2b16-4818-b910-6613c183b183\" href=\"https:\/\/tinytorch.gflr.de\/wp-content\/uploads\/2023\/01\/Gelaendekarte.pdf\">Gelaendekarte<\/a><a href=\"https:\/\/tinytorch.gflr.de\/wp-content\/uploads\/2023\/01\/Gelaendekarte.pdf\" class=\"wp-block-file__button wp-element-button\" download aria-describedby=\"wp-block-file--media-b73dd041-2b16-4818-b910-6613c183b183\">Herunterladen<\/a><\/div>\n\n\n\n<p>Auf der Gel\u00e4ndekarte sind die Bereiche rot-wei\u00df gekennzeichnet, die nicht bespielt werden und die Bereiche gelb-schwarz gekennzeichnet, die als radioaktiv  kontaminiert bespielt werden.<\/p>\n","protected":false},"excerpt":{"rendered":"<p>Videos Fotos Tiny Torch &#8211; Cold Night Filmdreh f\u00fcr den Tiny Torch-Trailer Torchlight Tales Tiny Torch II &#8211; Illusion never changed Torchlight Tales II Tiny Torch III Tiny Torch IV Fotos von Westwood Digital Art https:\/\/www.instagram.com\/westwooddigitalart\/ Hier unsere aktuelle Gel\u00e4ndekarte: Auf der Gel\u00e4ndekarte sind die Bereiche rot-wei\u00df gekennzeichnet, die nicht bespielt werden und die Bereiche [&hellip;]<\/p>\n","protected":false},"author":1,"featured_media":0,"parent":0,"menu_order":0,"comment_status":"closed","ping_status":"closed","template":"","meta":{"footnotes":""},"class_list":["post-21","page","type-page","status-publish","hentry"],"_links":{"self":[{"href":"https:\/\/tinytorch.gflr.de\/index.php?rest_route=\/wp\/v2\/pages\/21","targetHints":{"allow":["GET"]}}],"collection":[{"href":"https:\/\/tinytorch.gflr.de\/index.php?rest_route=\/wp\/v2\/pages"}],"about":[{"href":"https:\/\/tinytorch.gflr.de\/index.php?rest_route=\/wp\/v2\/types\/page"}],"author":[{"embeddable":true,"href":"https:\/\/tinytorch.gflr.de\/index.php?rest_route=\/wp\/v2\/users\/1"}],"replies":[{"embeddable":true,"href":"https:\/\/tinytorch.gflr.de\/index.php?rest_route=%2Fwp%2Fv2%2Fcomments&post=21"}],"version-history":[{"count":36,"href":"https:\/\/tinytorch.gflr.de\/index.php?rest_route=\/wp\/v2\/pages\/21\/revisions"}],"predecessor-version":[{"id":393,"href":"https:\/\/tinytorch.gflr.de\/index.php?rest_route=\/wp\/v2\/pages\/21\/revisions\/393"}],"wp:attachment":[{"href":"https:\/\/tinytorch.gflr.de\/index.php?rest_route=%2Fwp%2Fv2%2Fmedia&parent=21"}],"curies":[{"name":"wp","href":"https:\/\/api.w.org\/{rel}","templated":true}]}}