{"id":20,"date":"2019-08-24T07:32:03","date_gmt":"2019-08-24T07:32:03","guid":{"rendered":"https:\/\/tinytorch.gflr.de\/?page_id=20"},"modified":"2025-11-16T19:19:22","modified_gmt":"2025-11-16T19:19:22","slug":"veranstaltungen","status":"publish","type":"page","link":"https:\/\/tinytorch.gflr.de\/?page_id=20","title":{"rendered":"Veranstaltungen"},"content":{"rendered":"\n<p><\/p>\n\n\n\n<p><\/p>\n\n\n\n<h2 class=\"wp-block-heading\">Complex Eden V<\/h2>\n\n\n\n<h2 class=\"wp-block-heading\">12. &#8211; 15. Februar 2026 Kindsbach Cave Bunker Anlage<\/h2>\n\n\n\n<p>Nach der \u00d6ffnung von &#8222;Complex Eden&#8220; hat das Amt f\u00fcr Zivilschutz von Tiny Torch entschieden, weitere Expeditionen in den Bunker zu unterst\u00fctzen. Beim ersten Vorsto\u00df in den radioaktiv kontaminierten Bereich von K-Town (Kaiserslautern) wurden eine Basis errichtet und die lebenserhaltenden Systeme repariert, aber gro\u00dfe Teile der Anlage wurden noch nicht erkundet, so dass der Bunker noch weitere Gefahren und Geheimnisse birgt. Bisher gibt es nur eine Eisenbahnstrecke, die von Tiny Torch zum Bunker f\u00fchrt. Abenteurer und Gl\u00fccksritter, die beim n\u00e4chsten Trek mit dabei sein wollen, m\u00fcssen sich schnell einen Platz sichern.<\/p>\n\n\n\n<p>Was euch als SC erwartet:<\/p>\n\n\n\n<p>Als SC erwartet euch ein Ressourcen- Spiel, das als Spielangebot angenommen werden kann, aber nicht muss. Von unserer Seite ist dabei nicht vorgesehen, dass Charaktere sterben m\u00fcssen.<\/p>\n\n\n\n<p>Wir weisen darauf hin, dass unser Spielangebot physisch und psychisch sehr fordernd sein kann und die Teilnehmer in der Lage sein m\u00fcssen, den Anforderungen an Sicherheit, Gesundheit und Selbsteinsch\u00e4tzung zu gen\u00fcgen.<\/p>\n\n\n\n<p>Was euch als NSC erwartet:<\/p>\n\n\n\n<p>Als NSC erwarten euch viele verschiedene Springerrollen, die von kampf- bis zu ambientelastig reichen. Hierbei werden wir nur grobe Vorgaben machen, welche Funktionen eure Charaktere jeweils erf\u00fcllen m\u00fcssen und euch deren weitere Gestaltung selbst \u00fcberlassen.<\/p>\n\n\n\n<p><strong>Anmeldung<\/strong><\/p>\n\n\n\n<p>Der Teilnahmebeitrag f\u00fcr <strong>SCs<\/strong> ist <strong>130 Euro<\/strong> und der f\u00fcr <strong>NSCs<\/strong> <strong>50 Euro<\/strong>.<\/p>\n\n\n\n<p>Es gibt <strong>40 SC-Pl\u00e4tze<\/strong>, <strong>10 NSC-Pl\u00e4tze<\/strong> und <strong>10 SC-Sozialpl\u00e4tze<\/strong>.<\/p>\n\n\n\n<p>Die Anmeldung ist erst ab dem 1. Dezember 2025 m\u00f6glich, vorher eingegangene Anmeldungen werden nicht bearbeitet.<\/p>\n\n\n\n<p>Sende eine E-Mail mit dem Betreff \u201e<strong>CE V SC<\/strong>\u201c (f\u00fcr Spielercharaktere) oder \u201e<strong>CE V NSC<\/strong>\u201c (f\u00fcr Nichtspielercharaktere) an <strong>&#x74;&#105;&#x6e;&#121;t&#x6f;&#114;c&#x68;&#64;&#x67;&#x66;l&#x72;&#46;d&#x65;<\/strong> und du erh\u00e4ltst eine E-Mail mit den Informationen zur Anmeldung.<\/p>\n\n\n\n<p>Nachdem du diese E-Mail erhalten hast, wird der Teilnahmeplatz f\u00fcr zwei Wochen f\u00fcr dich frei gehalten, in denen du Zeit hast, den Teilnahmebeitrag zu \u00fcberweisen.<\/p>\n\n\n\n<p>Wenn du dich f\u00fcr ein kostenloses SC-Sozialticket bewerben m\u00f6chtest, dann sende <strong>bis zum 31. Dezember 2025<\/strong> eine E-Mail mit dem Betreff \u201e<strong>CE V SC sozial<\/strong>\u201c ohne Angabe von Gr\u00fcnden an <strong>&#116;&#x69;&#x6e;y&#116;&#x6f;r&#99;&#x68;&#x40;&#103;&#x66;&#x6c;r&#46;&#x64;e<\/strong> und du erh\u00e4ltst bis zum <strong>7. Januar 2026<\/strong> eine E-Mail mit den Informationen zur Anmeldung, nachdem wir unter den Bewerbern ausgelost haben, wer ein SC-Sozialticket erh\u00e4lt. Solltest du bis dahin schon einen SC- oder NSC-Platz haben, scheidest du aus dem Bewerbungsverfahren aus.<\/p>\n\n\n\n<p><strong>An- und Abreise sowie Veranstaltungszeit und -ort<\/strong><\/p>\n\n\n\n<p>Anreise: Donnerstag der 12. Februar 2026 ab 15 Uhr<\/p>\n\n\n\n<p>Abreise: Sonntag bis 13 Uhr<\/p>\n\n\n\n<p>Veranstaltungsbeginn: Donnerstags um 19 Uhr<\/p>\n\n\n\n<p>Veranstaltungsende: Sonntags bis sp\u00e4testens 1 Uhr<\/p>\n\n\n\n<p>Adresse des Veranstaltungsortes:<\/p>\n\n\n\n<p><a><\/a>Kindsbach Cave Bunker Anlage<\/p>\n\n\n\n<p>Am Wingertsh\u00fcbel 20<\/p>\n\n\n\n<p>66862 Kindsbach<\/p>\n\n\n\n<p><strong>Unterkunft und Verpflegung<\/strong> Zum Lagern steht ein Bereich im Geb\u00e4ude zur Verf\u00fcgung. NSCs bekommen Vollverpflegung. Gaskocher d\u00fcrfen im Geb\u00e4ude benutzt werden. Getr\u00e4nke bieten wir zum Selbstkostenpreis an.<\/p>\n\n\n\n<p>Die AGB zur Veranstaltung findet ihr hier:<\/p>\n\n\n\n<div data-wp-interactive=\"core\/file\" class=\"wp-block-file\"><object data-wp-bind--hidden=\"!state.hasPdfPreview\" hidden class=\"wp-block-file__embed\" data=\"https:\/\/tinytorch.gflr.de\/wp-content\/uploads\/2025\/11\/CE-V-AGB.pdf\" type=\"application\/pdf\" style=\"width:100%;height:600px\" aria-label=\"Einbettung von CE V AGB.\"><\/object><a id=\"wp-block-file--media-e32870d3-02d5-4b7e-acbb-0c4d4af1a65d\" href=\"https:\/\/tinytorch.gflr.de\/wp-content\/uploads\/2025\/11\/CE-V-AGB.pdf\">CE V AGB<\/a><a href=\"https:\/\/tinytorch.gflr.de\/wp-content\/uploads\/2025\/11\/CE-V-AGB.pdf\" class=\"wp-block-file__button wp-element-button\" download aria-describedby=\"wp-block-file--media-e32870d3-02d5-4b7e-acbb-0c4d4af1a65d\">Herunterladen<\/a><\/div>\n\n\n\n<p>Datenschutzerkl\u00e4rung f\u00fcr Mitglieder und Teilnehmer*innen sowie Widerrufsbelehrung:<\/p>\n\n\n\n<div data-wp-interactive=\"core\/file\" class=\"wp-block-file\"><object data-wp-bind--hidden=\"!state.hasPdfPreview\" hidden class=\"wp-block-file__embed\" data=\"https:\/\/tinytorch.gflr.de\/wp-content\/uploads\/2022\/03\/Datenschutzerklaerung_Mitglieder-und-Teilnehmer.pdf\" type=\"application\/pdf\" style=\"width:100%;height:600px\" aria-label=\"Einbettung von Datenschutzerklaerung_Mitglieder-und-Teilnehmer.\"><\/object><a id=\"wp-block-file--media-32f028c7-b462-449d-80f4-6dadd9cc7943\" href=\"https:\/\/tinytorch.gflr.de\/wp-content\/uploads\/2022\/03\/Datenschutzerklaerung_Mitglieder-und-Teilnehmer.pdf\">Datenschutzerklaerung_Mitglieder-und-Teilnehmer<\/a><a href=\"https:\/\/tinytorch.gflr.de\/wp-content\/uploads\/2022\/03\/Datenschutzerklaerung_Mitglieder-und-Teilnehmer.pdf\" class=\"wp-block-file__button wp-element-button\" download aria-describedby=\"wp-block-file--media-32f028c7-b462-449d-80f4-6dadd9cc7943\">Herunterladen<\/a><\/div>\n\n\n\n<div data-wp-interactive=\"core\/file\" class=\"wp-block-file\"><object data-wp-bind--hidden=\"!state.hasPdfPreview\" hidden class=\"wp-block-file__embed\" data=\"https:\/\/tinytorch.gflr.de\/wp-content\/uploads\/2022\/03\/Widerrufsbelehrung-GfLR.pdf\" type=\"application\/pdf\" style=\"width:100%;height:600px\" aria-label=\"Einbettung von Widerrufsbelehrung-GfLR.\"><\/object><a id=\"wp-block-file--media-0b9be31b-f081-42cf-811e-0d02bf16383a\" href=\"https:\/\/tinytorch.gflr.de\/wp-content\/uploads\/2022\/03\/Widerrufsbelehrung-GfLR.pdf\">Widerrufsbelehrung-GfLR<\/a><a href=\"https:\/\/tinytorch.gflr.de\/wp-content\/uploads\/2022\/03\/Widerrufsbelehrung-GfLR.pdf\" class=\"wp-block-file__button wp-element-button\" download aria-describedby=\"wp-block-file--media-0b9be31b-f081-42cf-811e-0d02bf16383a\">Herunterladen<\/a><\/div>\n","protected":false},"excerpt":{"rendered":"<p>Complex Eden V 12. &#8211; 15. Februar 2026 Kindsbach Cave Bunker Anlage Nach der \u00d6ffnung von &#8222;Complex Eden&#8220; hat das Amt f\u00fcr Zivilschutz von Tiny Torch entschieden, weitere Expeditionen in den Bunker zu unterst\u00fctzen. Beim ersten Vorsto\u00df in den radioaktiv kontaminierten Bereich von K-Town (Kaiserslautern) wurden eine Basis errichtet und die lebenserhaltenden Systeme repariert, aber [&hellip;]<\/p>\n","protected":false},"author":1,"featured_media":0,"parent":0,"menu_order":0,"comment_status":"closed","ping_status":"closed","template":"","meta":{"footnotes":""},"class_list":["post-20","page","type-page","status-publish","hentry"],"_links":{"self":[{"href":"https:\/\/tinytorch.gflr.de\/index.php?rest_route=\/wp\/v2\/pages\/20","targetHints":{"allow":["GET"]}}],"collection":[{"href":"https:\/\/tinytorch.gflr.de\/index.php?rest_route=\/wp\/v2\/pages"}],"about":[{"href":"https:\/\/tinytorch.gflr.de\/index.php?rest_route=\/wp\/v2\/types\/page"}],"author":[{"embeddable":true,"href":"https:\/\/tinytorch.gflr.de\/index.php?rest_route=\/wp\/v2\/users\/1"}],"replies":[{"embeddable":true,"href":"https:\/\/tinytorch.gflr.de\/index.php?rest_route=%2Fwp%2Fv2%2Fcomments&post=20"}],"version-history":[{"count":102,"href":"https:\/\/tinytorch.gflr.de\/index.php?rest_route=\/wp\/v2\/pages\/20\/revisions"}],"predecessor-version":[{"id":412,"href":"https:\/\/tinytorch.gflr.de\/index.php?rest_route=\/wp\/v2\/pages\/20\/revisions\/412"}],"wp:attachment":[{"href":"https:\/\/tinytorch.gflr.de\/index.php?rest_route=%2Fwp%2Fv2%2Fmedia&parent=20"}],"curies":[{"name":"wp","href":"https:\/\/api.w.org\/{rel}","templated":true}]}}